{"id":8001,"date":"2023-01-05T20:13:34","date_gmt":"2023-01-05T19:13:34","guid":{"rendered":"https:\/\/new.claireambiance.com\/?post_type=product&#038;p=8001"},"modified":"2023-02-10T20:52:31","modified_gmt":"2023-02-10T19:52:31","slug":"lampe-penelope","status":"publish","type":"product","link":"https:\/\/claireambiance.com\/en\/produit\/lampe-penelope\/","title":{"rendered":"LAMPE PENELOPE EN POLEASY\u00ae"},"content":{"rendered":"","protected":false},"excerpt":{"rendered":"<p>La lampe PENELOPE s\u2019inspire du monde antique mais avec un design, des technologies et des caract\u00e9ristiques fonctionnelles avant-gardiste et tr\u00e8s modernes. Elle a \u00e9t\u00e9 cr\u00e9\u00e9e pour \u00e9tonner : par ces dimensions, par son design et par ses propri\u00e9t\u00e9s fonctionnelles.<\/p>\n","protected":false},"featured_media":8005,"template":"","meta":{"_acf_changed":false,"_et_pb_use_builder":"","_et_pb_old_content":"","_et_gb_content_width":"","_monsterinsights_skip_tracking":false,"_monsterinsights_sitenote_active":false,"_monsterinsights_sitenote_note":"","_monsterinsights_sitenote_category":0},"product_brand":[],"product_cat":[206,140],"product_tag":[562],"class_list":{"0":"post-8001","1":"product","2":"type-product","3":"status-publish","4":"has-post-thumbnail","6":"product_cat-lampadaires","7":"product_cat-luminaires","8":"product_tag-myyour","10":"first","11":"instock","12":"shipping-taxable","13":"purchasable","14":"product-type-variable"},"acf":[],"aioseo_notices":[],"_links":{"self":[{"href":"https:\/\/claireambiance.com\/en\/wp-json\/wp\/v2\/product\/8001","targetHints":{"allow":["GET"]}}],"collection":[{"href":"https:\/\/claireambiance.com\/en\/wp-json\/wp\/v2\/product"}],"about":[{"href":"https:\/\/claireambiance.com\/en\/wp-json\/wp\/v2\/types\/product"}],"wp:featuredmedia":[{"embeddable":true,"href":"https:\/\/claireambiance.com\/en\/wp-json\/wp\/v2\/media\/8005"}],"wp:attachment":[{"href":"https:\/\/claireambiance.com\/en\/wp-json\/wp\/v2\/media?parent=8001"}],"wp:term":[{"taxonomy":"product_brand","embeddable":true,"href":"https:\/\/claireambiance.com\/en\/wp-json\/wp\/v2\/product_brand?post=8001"},{"taxonomy":"product_cat","embeddable":true,"href":"https:\/\/claireambiance.com\/en\/wp-json\/wp\/v2\/product_cat?post=8001"},{"taxonomy":"product_tag","embeddable":true,"href":"https:\/\/claireambiance.com\/en\/wp-json\/wp\/v2\/product_tag?post=8001"}],"curies":[{"name":"wp","href":"https:\/\/api.w.org\/{rel}","templated":true}]}}