{"id":847,"date":"2022-09-14T13:38:06","date_gmt":"2022-09-14T11:38:06","guid":{"rendered":"https:\/\/new.claireambiance.com\/?post_type=product&#038;p=847"},"modified":"2023-02-09T20:23:25","modified_gmt":"2023-02-09T19:23:25","slug":"chaise-trica","status":"publish","type":"product","link":"https:\/\/claireambiance.com\/en\/produit\/chaise-trica\/","title":{"rendered":"FAUTEUIL AFRICA AVEC ACCOUDOIRS"},"content":{"rendered":"","protected":false},"excerpt":{"rendered":"<p>Ce fauteuil de repas s&#8217;identifie par ses courbes simples mais originales. Ce fauteuil a \u00e9t\u00e9 pens\u00e9 comme un objet design et naturel. Une invention qui invite \u00e0 s&#8217;asseoir pour profiter d&#8217;un maximum de confort!<\/p>\n","protected":false},"featured_media":878,"template":"","meta":{"_acf_changed":false,"_et_pb_use_builder":"","_et_pb_old_content":"","_et_gb_content_width":"","_monsterinsights_skip_tracking":false,"_monsterinsights_sitenote_active":false,"_monsterinsights_sitenote_note":"","_monsterinsights_sitenote_category":0},"product_brand":[],"product_cat":[59,60],"product_tag":[105],"class_list":{"0":"post-847","1":"product","2":"type-product","3":"status-publish","4":"has-post-thumbnail","6":"product_cat-assise","7":"product_cat-fauteuils","8":"product_tag-vondom","10":"first","11":"instock","12":"shipping-taxable","13":"purchasable","14":"product-type-variable"},"acf":[],"aioseo_notices":[],"_links":{"self":[{"href":"https:\/\/claireambiance.com\/en\/wp-json\/wp\/v2\/product\/847","targetHints":{"allow":["GET"]}}],"collection":[{"href":"https:\/\/claireambiance.com\/en\/wp-json\/wp\/v2\/product"}],"about":[{"href":"https:\/\/claireambiance.com\/en\/wp-json\/wp\/v2\/types\/product"}],"wp:featuredmedia":[{"embeddable":true,"href":"https:\/\/claireambiance.com\/en\/wp-json\/wp\/v2\/media\/878"}],"wp:attachment":[{"href":"https:\/\/claireambiance.com\/en\/wp-json\/wp\/v2\/media?parent=847"}],"wp:term":[{"taxonomy":"product_brand","embeddable":true,"href":"https:\/\/claireambiance.com\/en\/wp-json\/wp\/v2\/product_brand?post=847"},{"taxonomy":"product_cat","embeddable":true,"href":"https:\/\/claireambiance.com\/en\/wp-json\/wp\/v2\/product_cat?post=847"},{"taxonomy":"product_tag","embeddable":true,"href":"https:\/\/claireambiance.com\/en\/wp-json\/wp\/v2\/product_tag?post=847"}],"curies":[{"name":"wp","href":"https:\/\/api.w.org\/{rel}","templated":true}]}}