{"id":855,"date":"2022-09-14T13:38:07","date_gmt":"2022-09-14T11:38:07","guid":{"rendered":"https:\/\/new.claireambiance.com\/?post_type=product&#038;p=855"},"modified":"2023-02-09T21:11:53","modified_gmt":"2023-02-09T20:11:53","slug":"chaise-delta","status":"publish","type":"product","link":"https:\/\/claireambiance.com\/en\/produit\/chaise-delta\/","title":{"rendered":"CHAISE DELTA"},"content":{"rendered":"","protected":false},"excerpt":{"rendered":"<p>La\u00a0Chaise Delta a \u00e9t\u00e9 cr\u00e9\u00e9e par\u00a0Jorge Pensi dans le but de trouver un \u00e9quilibre entre r\u00e9alisme et surr\u00e9alisme, entre abstraction et \u00e9motion.<\/p>\n","protected":false},"featured_media":883,"template":"","meta":{"_acf_changed":false,"_et_pb_use_builder":"","_et_pb_old_content":"","_et_gb_content_width":"","_monsterinsights_skip_tracking":false,"_monsterinsights_sitenote_active":false,"_monsterinsights_sitenote_note":"","_monsterinsights_sitenote_category":0},"product_brand":[],"product_cat":[59,62],"product_tag":[105],"class_list":{"0":"post-855","1":"product","2":"type-product","3":"status-publish","4":"has-post-thumbnail","6":"product_cat-assise","7":"product_cat-chaises","8":"product_tag-vondom","10":"first","11":"instock","12":"shipping-taxable","13":"purchasable","14":"product-type-variable"},"acf":[],"aioseo_notices":[],"_links":{"self":[{"href":"https:\/\/claireambiance.com\/en\/wp-json\/wp\/v2\/product\/855","targetHints":{"allow":["GET"]}}],"collection":[{"href":"https:\/\/claireambiance.com\/en\/wp-json\/wp\/v2\/product"}],"about":[{"href":"https:\/\/claireambiance.com\/en\/wp-json\/wp\/v2\/types\/product"}],"wp:featuredmedia":[{"embeddable":true,"href":"https:\/\/claireambiance.com\/en\/wp-json\/wp\/v2\/media\/883"}],"wp:attachment":[{"href":"https:\/\/claireambiance.com\/en\/wp-json\/wp\/v2\/media?parent=855"}],"wp:term":[{"taxonomy":"product_brand","embeddable":true,"href":"https:\/\/claireambiance.com\/en\/wp-json\/wp\/v2\/product_brand?post=855"},{"taxonomy":"product_cat","embeddable":true,"href":"https:\/\/claireambiance.com\/en\/wp-json\/wp\/v2\/product_cat?post=855"},{"taxonomy":"product_tag","embeddable":true,"href":"https:\/\/claireambiance.com\/en\/wp-json\/wp\/v2\/product_tag?post=855"}],"curies":[{"name":"wp","href":"https:\/\/api.w.org\/{rel}","templated":true}]}}