{"id":895,"date":"2022-09-14T13:38:16","date_gmt":"2022-09-14T11:38:16","guid":{"rendered":"https:\/\/new.claireambiance.com\/?post_type=product&#038;p=895"},"modified":"2023-02-09T21:42:59","modified_gmt":"2023-02-09T20:42:59","slug":"chaise-pedrera","status":"publish","type":"product","link":"https:\/\/claireambiance.com\/en\/produit\/chaise-pedrera\/","title":{"rendered":"CHAISE PEDRERA"},"content":{"rendered":"","protected":false},"excerpt":{"rendered":"<p>La Chaise Pedrera\u00a0de chez Vondom s&#8217;identifie par ses formes sinueuses et sensuelles. Imagin\u00e9e par le designer\u00a0<i>Eugeni Quittlet<\/i>, cette\u00a0chaise\u00a0tr\u00e8s confortable invite \u00e0 s&#8217;asseoir pour profiter d&#8217;un moment de d\u00e9tente.<\/p>\n","protected":false},"featured_media":923,"template":"","meta":{"_acf_changed":false,"_et_pb_use_builder":"","_et_pb_old_content":"","_et_gb_content_width":"","_monsterinsights_skip_tracking":false,"_monsterinsights_sitenote_active":false,"_monsterinsights_sitenote_note":"","_monsterinsights_sitenote_category":0},"product_brand":[],"product_cat":[59,62],"product_tag":[105],"class_list":{"0":"post-895","1":"product","2":"type-product","3":"status-publish","4":"has-post-thumbnail","6":"product_cat-assise","7":"product_cat-chaises","8":"product_tag-vondom","10":"first","11":"instock","12":"shipping-taxable","13":"purchasable","14":"product-type-variable"},"acf":[],"aioseo_notices":[],"_links":{"self":[{"href":"https:\/\/claireambiance.com\/en\/wp-json\/wp\/v2\/product\/895","targetHints":{"allow":["GET"]}}],"collection":[{"href":"https:\/\/claireambiance.com\/en\/wp-json\/wp\/v2\/product"}],"about":[{"href":"https:\/\/claireambiance.com\/en\/wp-json\/wp\/v2\/types\/product"}],"wp:featuredmedia":[{"embeddable":true,"href":"https:\/\/claireambiance.com\/en\/wp-json\/wp\/v2\/media\/923"}],"wp:attachment":[{"href":"https:\/\/claireambiance.com\/en\/wp-json\/wp\/v2\/media?parent=895"}],"wp:term":[{"taxonomy":"product_brand","embeddable":true,"href":"https:\/\/claireambiance.com\/en\/wp-json\/wp\/v2\/product_brand?post=895"},{"taxonomy":"product_cat","embeddable":true,"href":"https:\/\/claireambiance.com\/en\/wp-json\/wp\/v2\/product_cat?post=895"},{"taxonomy":"product_tag","embeddable":true,"href":"https:\/\/claireambiance.com\/en\/wp-json\/wp\/v2\/product_tag?post=895"}],"curies":[{"name":"wp","href":"https:\/\/api.w.org\/{rel}","templated":true}]}}