{"id":902,"date":"2022-09-14T13:38:16","date_gmt":"2022-09-14T11:38:16","guid":{"rendered":"https:\/\/new.claireambiance.com\/?post_type=product&#038;p=902"},"modified":"2023-02-09T21:49:34","modified_gmt":"2023-02-09T20:49:34","slug":"chaise-spritz","status":"publish","type":"product","link":"https:\/\/claireambiance.com\/en\/produit\/chaise-spritz\/","title":{"rendered":"CHAISE SPRITZ"},"content":{"rendered":"","protected":false},"excerpt":{"rendered":"<p>La chaise Spritz\u00a0de chez\u00a0Vondom a \u00e9t\u00e9 cr\u00e9\u00e9 par le groupe de designers\u00a0<i>Archirivolto Design<\/i>.<\/p>\n","protected":false},"featured_media":929,"template":"","meta":{"_acf_changed":false,"_et_pb_use_builder":"","_et_pb_old_content":"","_et_gb_content_width":"","_monsterinsights_skip_tracking":false,"_monsterinsights_sitenote_active":false,"_monsterinsights_sitenote_note":"","_monsterinsights_sitenote_category":0},"product_brand":[],"product_cat":[59,62],"product_tag":[105],"class_list":{"0":"post-902","1":"product","2":"type-product","3":"status-publish","4":"has-post-thumbnail","6":"product_cat-assise","7":"product_cat-chaises","8":"product_tag-vondom","10":"first","11":"instock","12":"shipping-taxable","13":"purchasable","14":"product-type-variable"},"acf":[],"aioseo_notices":[],"_links":{"self":[{"href":"https:\/\/claireambiance.com\/en\/wp-json\/wp\/v2\/product\/902","targetHints":{"allow":["GET"]}}],"collection":[{"href":"https:\/\/claireambiance.com\/en\/wp-json\/wp\/v2\/product"}],"about":[{"href":"https:\/\/claireambiance.com\/en\/wp-json\/wp\/v2\/types\/product"}],"wp:featuredmedia":[{"embeddable":true,"href":"https:\/\/claireambiance.com\/en\/wp-json\/wp\/v2\/media\/929"}],"wp:attachment":[{"href":"https:\/\/claireambiance.com\/en\/wp-json\/wp\/v2\/media?parent=902"}],"wp:term":[{"taxonomy":"product_brand","embeddable":true,"href":"https:\/\/claireambiance.com\/en\/wp-json\/wp\/v2\/product_brand?post=902"},{"taxonomy":"product_cat","embeddable":true,"href":"https:\/\/claireambiance.com\/en\/wp-json\/wp\/v2\/product_cat?post=902"},{"taxonomy":"product_tag","embeddable":true,"href":"https:\/\/claireambiance.com\/en\/wp-json\/wp\/v2\/product_tag?post=902"}],"curies":[{"name":"wp","href":"https:\/\/api.w.org\/{rel}","templated":true}]}}