{"id":9117,"date":"2023-01-18T15:23:49","date_gmt":"2023-01-18T14:23:49","guid":{"rendered":"https:\/\/new.claireambiance.com\/?post_type=product&#038;p=9117"},"modified":"2023-02-28T21:27:37","modified_gmt":"2023-02-28T20:27:37","slug":"fauteuil-loll","status":"publish","type":"product","link":"https:\/\/claireambiance.com\/en\/produit\/fauteuil-loll\/","title":{"rendered":"FAUTEUIL LOLL"},"content":{"rendered":"","protected":false},"excerpt":{"rendered":"<p>Fauteuil, structure en bois massif recouverte de polyur\u00e9thane expans\u00e9 \u00e0 densit\u00e9 diff\u00e9renci\u00e9e et de haute densit\u00e9.<\/p>\n","protected":false},"featured_media":11632,"template":"","meta":{"_acf_changed":false,"_et_pb_use_builder":"","_et_pb_old_content":"","_et_gb_content_width":"","_monsterinsights_skip_tracking":false,"_monsterinsights_sitenote_active":false,"_monsterinsights_sitenote_note":"","_monsterinsights_sitenote_category":0},"product_brand":[],"product_cat":[162,178],"product_tag":[159],"class_list":{"0":"post-9117","1":"product","2":"type-product","3":"status-publish","4":"has-post-thumbnail","6":"product_cat-canapes-et-salons-interieur","7":"product_cat-classique","8":"product_tag-gervasoni","10":"first","11":"instock","12":"shipping-taxable","13":"purchasable","14":"product-type-variable"},"acf":[],"aioseo_notices":[],"_links":{"self":[{"href":"https:\/\/claireambiance.com\/en\/wp-json\/wp\/v2\/product\/9117","targetHints":{"allow":["GET"]}}],"collection":[{"href":"https:\/\/claireambiance.com\/en\/wp-json\/wp\/v2\/product"}],"about":[{"href":"https:\/\/claireambiance.com\/en\/wp-json\/wp\/v2\/types\/product"}],"wp:featuredmedia":[{"embeddable":true,"href":"https:\/\/claireambiance.com\/en\/wp-json\/wp\/v2\/media\/11632"}],"wp:attachment":[{"href":"https:\/\/claireambiance.com\/en\/wp-json\/wp\/v2\/media?parent=9117"}],"wp:term":[{"taxonomy":"product_brand","embeddable":true,"href":"https:\/\/claireambiance.com\/en\/wp-json\/wp\/v2\/product_brand?post=9117"},{"taxonomy":"product_cat","embeddable":true,"href":"https:\/\/claireambiance.com\/en\/wp-json\/wp\/v2\/product_cat?post=9117"},{"taxonomy":"product_tag","embeddable":true,"href":"https:\/\/claireambiance.com\/en\/wp-json\/wp\/v2\/product_tag?post=9117"}],"curies":[{"name":"wp","href":"https:\/\/api.w.org\/{rel}","templated":true}]}}