{"id":9124,"date":"2023-01-18T16:11:47","date_gmt":"2023-01-18T15:11:47","guid":{"rendered":"https:\/\/new.claireambiance.com\/?post_type=product&#038;p=9124"},"modified":"2023-03-01T21:51:35","modified_gmt":"2023-03-01T20:51:35","slug":"pot-skin-en-poleasy","status":"publish","type":"product","link":"https:\/\/claireambiance.com\/en\/produit\/pot-skin-en-poleasy\/","title":{"rendered":"POT SKIN EN POLEASY\u00ae"},"content":{"rendered":"","protected":false},"excerpt":{"rendered":"<p>Le pots \u00e0 fleurs Skin est une v\u00e9ritable pi\u00e8ce de d\u00e9co haut de gamme de part ses finitions irr\u00e9prochables ainsi que la qualit\u00e9 de sa structure. Son design atypique et ses formes arrondies apporteront LA touche moderne \u00e0 vos ext\u00e9rieurs ou m\u00eame int\u00e9rieur ! <\/p>\n","protected":false},"featured_media":9136,"template":"","meta":{"_acf_changed":false,"_et_pb_use_builder":"","_et_pb_old_content":"","_et_gb_content_width":"","_monsterinsights_skip_tracking":false,"_monsterinsights_sitenote_active":false,"_monsterinsights_sitenote_note":"","_monsterinsights_sitenote_category":0},"product_brand":[],"product_cat":[190,119],"product_tag":[562],"class_list":{"0":"post-9124","1":"product","2":"type-product","3":"status-publish","4":"has-post-thumbnail","6":"product_cat-accessoires-decorations","7":"product_cat-pot-ceramique","8":"product_tag-myyour","10":"first","11":"instock","12":"shipping-taxable","13":"purchasable","14":"product-type-variable"},"acf":[],"aioseo_notices":[],"_links":{"self":[{"href":"https:\/\/claireambiance.com\/en\/wp-json\/wp\/v2\/product\/9124","targetHints":{"allow":["GET"]}}],"collection":[{"href":"https:\/\/claireambiance.com\/en\/wp-json\/wp\/v2\/product"}],"about":[{"href":"https:\/\/claireambiance.com\/en\/wp-json\/wp\/v2\/types\/product"}],"wp:featuredmedia":[{"embeddable":true,"href":"https:\/\/claireambiance.com\/en\/wp-json\/wp\/v2\/media\/9136"}],"wp:attachment":[{"href":"https:\/\/claireambiance.com\/en\/wp-json\/wp\/v2\/media?parent=9124"}],"wp:term":[{"taxonomy":"product_brand","embeddable":true,"href":"https:\/\/claireambiance.com\/en\/wp-json\/wp\/v2\/product_brand?post=9124"},{"taxonomy":"product_cat","embeddable":true,"href":"https:\/\/claireambiance.com\/en\/wp-json\/wp\/v2\/product_cat?post=9124"},{"taxonomy":"product_tag","embeddable":true,"href":"https:\/\/claireambiance.com\/en\/wp-json\/wp\/v2\/product_tag?post=9124"}],"curies":[{"name":"wp","href":"https:\/\/api.w.org\/{rel}","templated":true}]}}