{"id":915,"date":"2022-09-14T13:38:17","date_gmt":"2022-09-14T11:38:17","guid":{"rendered":"https:\/\/new.claireambiance.com\/?post_type=product&#038;p=915"},"modified":"2023-02-09T22:05:08","modified_gmt":"2023-02-09T21:05:08","slug":"chaise-voxel","status":"publish","type":"product","link":"https:\/\/claireambiance.com\/en\/produit\/chaise-voxel\/","title":{"rendered":"CHAISE VOXEL"},"content":{"rendered":"","protected":false},"excerpt":{"rendered":"<p>La\u00a0Chaise Voxel\u00a0de chez\u00a0Vondom affiche un design futuriste. Imagin\u00e9e par le designer\u00a0<i>Karim Rashid<\/i>, cette\u00a0chaise\u00a0aux facettes taill\u00e9es comme un diamant est d\u00e9clin\u00e9e en 7 coloris tendances.<\/p>\n","protected":false},"featured_media":939,"template":"","meta":{"_acf_changed":false,"_et_pb_use_builder":"","_et_pb_old_content":"","_et_gb_content_width":"","_monsterinsights_skip_tracking":false,"_monsterinsights_sitenote_active":false,"_monsterinsights_sitenote_note":"","_monsterinsights_sitenote_category":0},"product_brand":[],"product_cat":[59,62],"product_tag":[105],"class_list":{"0":"post-915","1":"product","2":"type-product","3":"status-publish","4":"has-post-thumbnail","6":"product_cat-assise","7":"product_cat-chaises","8":"product_tag-vondom","10":"first","11":"instock","12":"shipping-taxable","13":"purchasable","14":"product-type-variable"},"acf":[],"aioseo_notices":[],"_links":{"self":[{"href":"https:\/\/claireambiance.com\/en\/wp-json\/wp\/v2\/product\/915","targetHints":{"allow":["GET"]}}],"collection":[{"href":"https:\/\/claireambiance.com\/en\/wp-json\/wp\/v2\/product"}],"about":[{"href":"https:\/\/claireambiance.com\/en\/wp-json\/wp\/v2\/types\/product"}],"wp:featuredmedia":[{"embeddable":true,"href":"https:\/\/claireambiance.com\/en\/wp-json\/wp\/v2\/media\/939"}],"wp:attachment":[{"href":"https:\/\/claireambiance.com\/en\/wp-json\/wp\/v2\/media?parent=915"}],"wp:term":[{"taxonomy":"product_brand","embeddable":true,"href":"https:\/\/claireambiance.com\/en\/wp-json\/wp\/v2\/product_brand?post=915"},{"taxonomy":"product_cat","embeddable":true,"href":"https:\/\/claireambiance.com\/en\/wp-json\/wp\/v2\/product_cat?post=915"},{"taxonomy":"product_tag","embeddable":true,"href":"https:\/\/claireambiance.com\/en\/wp-json\/wp\/v2\/product_tag?post=915"}],"curies":[{"name":"wp","href":"https:\/\/api.w.org\/{rel}","templated":true}]}}