{"id":9300,"date":"2023-01-20T14:13:11","date_gmt":"2023-01-20T13:13:11","guid":{"rendered":"https:\/\/new.claireambiance.com\/?post_type=product&#038;p=9300"},"modified":"2023-01-20T14:27:24","modified_gmt":"2023-01-20T13:27:24","slug":"chaise-remind","status":"publish","type":"product","link":"https:\/\/claireambiance.com\/en\/produit\/chaise-remind\/","title":{"rendered":"CHAISE REMIND"},"content":{"rendered":"","protected":false},"excerpt":{"rendered":"<p>La chaise Remind rappelle le souvenir des courbes douces et sinueuses des chaises en bois de la seconde moiti\u00e9 du XIXe si\u00e8cle. Fauteuil monobloc en polypropyl\u00e8ne moul\u00e9 par injection dont l&#8217;assise et le dossier se caract\u00e9risent par une texture respirante qui contribue \u00e0 <\/p>\n","protected":false},"featured_media":9316,"template":"","meta":{"_acf_changed":false,"_et_pb_use_builder":"","_et_pb_old_content":"","_et_gb_content_width":"","_monsterinsights_skip_tracking":false,"_monsterinsights_sitenote_active":false,"_monsterinsights_sitenote_note":"","_monsterinsights_sitenote_category":0},"product_brand":[],"product_cat":[59,62],"product_tag":[211],"class_list":{"0":"post-9300","1":"product","2":"type-product","3":"status-publish","4":"has-post-thumbnail","6":"product_cat-assise","7":"product_cat-chaises","8":"product_tag-pedrali","10":"first","11":"instock","12":"shipping-taxable","13":"purchasable","14":"product-type-variable"},"acf":[],"aioseo_notices":[],"_links":{"self":[{"href":"https:\/\/claireambiance.com\/en\/wp-json\/wp\/v2\/product\/9300","targetHints":{"allow":["GET"]}}],"collection":[{"href":"https:\/\/claireambiance.com\/en\/wp-json\/wp\/v2\/product"}],"about":[{"href":"https:\/\/claireambiance.com\/en\/wp-json\/wp\/v2\/types\/product"}],"wp:featuredmedia":[{"embeddable":true,"href":"https:\/\/claireambiance.com\/en\/wp-json\/wp\/v2\/media\/9316"}],"wp:attachment":[{"href":"https:\/\/claireambiance.com\/en\/wp-json\/wp\/v2\/media?parent=9300"}],"wp:term":[{"taxonomy":"product_brand","embeddable":true,"href":"https:\/\/claireambiance.com\/en\/wp-json\/wp\/v2\/product_brand?post=9300"},{"taxonomy":"product_cat","embeddable":true,"href":"https:\/\/claireambiance.com\/en\/wp-json\/wp\/v2\/product_cat?post=9300"},{"taxonomy":"product_tag","embeddable":true,"href":"https:\/\/claireambiance.com\/en\/wp-json\/wp\/v2\/product_tag?post=9300"}],"curies":[{"name":"wp","href":"https:\/\/api.w.org\/{rel}","templated":true}]}}