{"id":9478,"date":"2023-01-26T22:54:55","date_gmt":"2023-01-26T21:54:55","guid":{"rendered":"https:\/\/new.claireambiance.com\/?post_type=product&#038;p=9478"},"modified":"2023-01-26T23:11:07","modified_gmt":"2023-01-26T22:11:07","slug":"chaise-tatami-306","status":"publish","type":"product","link":"https:\/\/claireambiance.com\/en\/produit\/chaise-tatami-306\/","title":{"rendered":"CHAISE TATAMI AVEC ACCOUDOIRS"},"content":{"rendered":"","protected":false},"excerpt":{"rendered":"<p>La collection de si\u00e8ges Tatami exprime le d\u00e9sir de vivre des espaces ouverts. Le tissage caract\u00e9ristique de la coque garantit un confort suffisant pour favoriser la d\u00e9tente et le bien-\u00eatre. <\/p>\n","protected":false},"featured_media":9491,"template":"","meta":{"_acf_changed":false,"_et_pb_use_builder":"","_et_pb_old_content":"","_et_gb_content_width":"","_monsterinsights_skip_tracking":false,"_monsterinsights_sitenote_active":false,"_monsterinsights_sitenote_note":"","_monsterinsights_sitenote_category":0},"product_brand":[],"product_cat":[59,62],"product_tag":[211],"class_list":{"0":"post-9478","1":"product","2":"type-product","3":"status-publish","4":"has-post-thumbnail","6":"product_cat-assise","7":"product_cat-chaises","8":"product_tag-pedrali","10":"first","11":"instock","12":"shipping-taxable","13":"purchasable","14":"product-type-variable"},"acf":[],"aioseo_notices":[],"_links":{"self":[{"href":"https:\/\/claireambiance.com\/en\/wp-json\/wp\/v2\/product\/9478","targetHints":{"allow":["GET"]}}],"collection":[{"href":"https:\/\/claireambiance.com\/en\/wp-json\/wp\/v2\/product"}],"about":[{"href":"https:\/\/claireambiance.com\/en\/wp-json\/wp\/v2\/types\/product"}],"wp:featuredmedia":[{"embeddable":true,"href":"https:\/\/claireambiance.com\/en\/wp-json\/wp\/v2\/media\/9491"}],"wp:attachment":[{"href":"https:\/\/claireambiance.com\/en\/wp-json\/wp\/v2\/media?parent=9478"}],"wp:term":[{"taxonomy":"product_brand","embeddable":true,"href":"https:\/\/claireambiance.com\/en\/wp-json\/wp\/v2\/product_brand?post=9478"},{"taxonomy":"product_cat","embeddable":true,"href":"https:\/\/claireambiance.com\/en\/wp-json\/wp\/v2\/product_cat?post=9478"},{"taxonomy":"product_tag","embeddable":true,"href":"https:\/\/claireambiance.com\/en\/wp-json\/wp\/v2\/product_tag?post=9478"}],"curies":[{"name":"wp","href":"https:\/\/api.w.org\/{rel}","templated":true}]}}