{"id":950,"date":"2022-09-14T13:38:24","date_gmt":"2022-09-14T11:38:24","guid":{"rendered":"https:\/\/new.claireambiance.com\/?post_type=product&#038;p=950"},"modified":"2023-02-10T15:05:38","modified_gmt":"2023-02-10T14:05:38","slug":"fauteuil-pillow","status":"publish","type":"product","link":"https:\/\/claireambiance.com\/en\/produit\/fauteuil-pillow\/","title":{"rendered":"FAUTEUIL LUMINEUX PILLOW"},"content":{"rendered":"","protected":false},"excerpt":{"rendered":"<p>Le\u00a0Fauteuil Pillow\u00a0de chez\u00a0Vondom est une rencontre entre originalit\u00e9 et design. Imagin\u00e9 par\u00a0<i>Stefano Giovannoni<\/i>, ce fauteuil aux lignes chaleureuses et aux rondeurs pleines, invite \u00e0 se d\u00e9tendre \u00e0 tout moment.<\/p>\n","protected":false},"featured_media":974,"template":"","meta":{"_acf_changed":false,"_et_pb_use_builder":"","_et_pb_old_content":"","_et_gb_content_width":"","_monsterinsights_skip_tracking":false,"_monsterinsights_sitenote_active":false,"_monsterinsights_sitenote_note":"","_monsterinsights_sitenote_category":0},"product_brand":[],"product_cat":[59,60,175,38],"product_tag":[105],"class_list":{"0":"post-950","1":"product","2":"type-product","3":"status-publish","4":"has-post-thumbnail","6":"product_cat-assise","7":"product_cat-fauteuils","8":"product_cat-luxe","9":"product_cat-salons-exterieur","10":"product_tag-vondom","12":"first","13":"instock","14":"shipping-taxable","15":"purchasable","16":"product-type-variable"},"acf":[],"aioseo_notices":[],"_links":{"self":[{"href":"https:\/\/claireambiance.com\/en\/wp-json\/wp\/v2\/product\/950","targetHints":{"allow":["GET"]}}],"collection":[{"href":"https:\/\/claireambiance.com\/en\/wp-json\/wp\/v2\/product"}],"about":[{"href":"https:\/\/claireambiance.com\/en\/wp-json\/wp\/v2\/types\/product"}],"wp:featuredmedia":[{"embeddable":true,"href":"https:\/\/claireambiance.com\/en\/wp-json\/wp\/v2\/media\/974"}],"wp:attachment":[{"href":"https:\/\/claireambiance.com\/en\/wp-json\/wp\/v2\/media?parent=950"}],"wp:term":[{"taxonomy":"product_brand","embeddable":true,"href":"https:\/\/claireambiance.com\/en\/wp-json\/wp\/v2\/product_brand?post=950"},{"taxonomy":"product_cat","embeddable":true,"href":"https:\/\/claireambiance.com\/en\/wp-json\/wp\/v2\/product_cat?post=950"},{"taxonomy":"product_tag","embeddable":true,"href":"https:\/\/claireambiance.com\/en\/wp-json\/wp\/v2\/product_tag?post=950"}],"curies":[{"name":"wp","href":"https:\/\/api.w.org\/{rel}","templated":true}]}}