{"id":9503,"date":"2023-01-26T23:21:28","date_gmt":"2023-01-26T22:21:28","guid":{"rendered":"https:\/\/new.claireambiance.com\/?post_type=product&#038;p=9503"},"modified":"2023-01-26T23:36:01","modified_gmt":"2023-01-26T22:36:01","slug":"chaise-tribeca-avec-accoudoirs","status":"publish","type":"product","link":"https:\/\/claireambiance.com\/en\/produit\/chaise-tribeca-avec-accoudoirs\/","title":{"rendered":"CHAISE TRIBECA AVEC ACCOUDOIRS"},"content":{"rendered":"","protected":false},"excerpt":{"rendered":"<p>La chaise Tribeca vient des \u00e9chos r\u00e9confortants de la m\u00e9moire, une r\u00e9interpr\u00e9tation moderne des chaises de terrasse classiques des Sixties en acier entrelac\u00e9. Sp\u00e9cialement con\u00e7u pour une utilisation en ext\u00e9rieur.<\/p>\n","protected":false},"featured_media":9518,"template":"","meta":{"_acf_changed":false,"_et_pb_use_builder":"","_et_pb_old_content":"","_et_gb_content_width":"","_monsterinsights_skip_tracking":false,"_monsterinsights_sitenote_active":false,"_monsterinsights_sitenote_note":"","_monsterinsights_sitenote_category":0},"product_brand":[],"product_cat":[59,62],"product_tag":[211],"class_list":{"0":"post-9503","1":"product","2":"type-product","3":"status-publish","4":"has-post-thumbnail","6":"product_cat-assise","7":"product_cat-chaises","8":"product_tag-pedrali","10":"first","11":"instock","12":"shipping-taxable","13":"purchasable","14":"product-type-variable"},"acf":[],"aioseo_notices":[],"_links":{"self":[{"href":"https:\/\/claireambiance.com\/en\/wp-json\/wp\/v2\/product\/9503","targetHints":{"allow":["GET"]}}],"collection":[{"href":"https:\/\/claireambiance.com\/en\/wp-json\/wp\/v2\/product"}],"about":[{"href":"https:\/\/claireambiance.com\/en\/wp-json\/wp\/v2\/types\/product"}],"wp:featuredmedia":[{"embeddable":true,"href":"https:\/\/claireambiance.com\/en\/wp-json\/wp\/v2\/media\/9518"}],"wp:attachment":[{"href":"https:\/\/claireambiance.com\/en\/wp-json\/wp\/v2\/media?parent=9503"}],"wp:term":[{"taxonomy":"product_brand","embeddable":true,"href":"https:\/\/claireambiance.com\/en\/wp-json\/wp\/v2\/product_brand?post=9503"},{"taxonomy":"product_cat","embeddable":true,"href":"https:\/\/claireambiance.com\/en\/wp-json\/wp\/v2\/product_cat?post=9503"},{"taxonomy":"product_tag","embeddable":true,"href":"https:\/\/claireambiance.com\/en\/wp-json\/wp\/v2\/product_tag?post=9503"}],"curies":[{"name":"wp","href":"https:\/\/api.w.org\/{rel}","templated":true}]}}